{"id":2,"date":"2023-04-24T09:46:38","date_gmt":"2023-04-24T09:46:38","guid":{"rendered":"https:\/\/windenergie-ruethen-wald.de\/?page_id=2"},"modified":"2024-04-20T06:36:09","modified_gmt":"2024-04-20T05:36:09","slug":"sample-page","status":"publish","type":"page","link":"https:\/\/windenergie-ruethen-wald.de\/","title":{"rendered":"Windenergie R\u00fcthen Wald"},"content":{"rendered":"<p style=\"text-align: center;\"><img loading=\"lazy\" decoding=\"async\" class=\"alignnone size-medium wp-image-17\" src=\"https:\/\/windenergie-ruethen-wald.de\/wp-content\/uploads\/2024\/04\/Logogestaltung_Windpark-Ruethen-Wald_Var2-300x300.jpg\" alt=\"\" width=\"300\" height=\"300\" \/><\/p>\n<p>Ein Unternehmen der Stadt R\u00fcthen zusammen mit lokalen Personen mit dem Ziel Windenergieanlagen auf st\u00e4dtischen Fl\u00e4chen zu projektieren.<\/p>\n<p>Die Anschrift lautet:<\/p>\n<p style=\"text-align: center;\">Windenergie R\u00fcthen Wald GmbH &amp; Co.KG<\/p>\n<p style=\"text-align: center;\">Johannesholzstr. 10<\/p>\n<p style=\"text-align: center;\">59602 R\u00fcthen<\/p>\n<p>Mail:<\/p>\n<p style=\"text-align: center;\">mail[at]windenergie-ruethen-wald.de<\/p>\n<p>Telefonisch zu erreichen:<\/p>\n<p style=\"text-align: center;\">02951 931602 oder 02954 329<\/p>\n","protected":false},"excerpt":{"rendered":"<p>Ein Unternehmen der Stadt R\u00fcthen zusammen mit lokalen Personen mit dem Ziel Windenergieanlagen auf st\u00e4dtischen Fl\u00e4chen zu projektieren. Die Anschrift lautet: Windenergie R\u00fcthen Wald GmbH &amp; Co.KG Johannesholzstr. 10 59602 R\u00fcthen Mail: mail[at]windenergie-ruethen-wald.de Telefonisch zu erreichen: 02951 931602 oder 02954 329<\/p>\n","protected":false},"author":1,"featured_media":0,"parent":0,"menu_order":0,"comment_status":"closed","ping_status":"open","template":"","meta":{"footnotes":""},"class_list":["post-2","page","type-page","status-publish","hentry"],"_links":{"self":[{"href":"https:\/\/windenergie-ruethen-wald.de\/index.php?rest_route=\/wp\/v2\/pages\/2"}],"collection":[{"href":"https:\/\/windenergie-ruethen-wald.de\/index.php?rest_route=\/wp\/v2\/pages"}],"about":[{"href":"https:\/\/windenergie-ruethen-wald.de\/index.php?rest_route=\/wp\/v2\/types\/page"}],"author":[{"embeddable":true,"href":"https:\/\/windenergie-ruethen-wald.de\/index.php?rest_route=\/wp\/v2\/users\/1"}],"replies":[{"embeddable":true,"href":"https:\/\/windenergie-ruethen-wald.de\/index.php?rest_route=%2Fwp%2Fv2%2Fcomments&post=2"}],"version-history":[{"count":6,"href":"https:\/\/windenergie-ruethen-wald.de\/index.php?rest_route=\/wp\/v2\/pages\/2\/revisions"}],"predecessor-version":[{"id":22,"href":"https:\/\/windenergie-ruethen-wald.de\/index.php?rest_route=\/wp\/v2\/pages\/2\/revisions\/22"}],"wp:attachment":[{"href":"https:\/\/windenergie-ruethen-wald.de\/index.php?rest_route=%2Fwp%2Fv2%2Fmedia&parent=2"}],"curies":[{"name":"wp","href":"https:\/\/api.w.org\/{rel}","templated":true}]}}